{"id":8482,"date":"2023-09-14T23:34:41","date_gmt":"2023-09-14T23:34:41","guid":{"rendered":"https:\/\/gamiusgroup.com\/?page_id=8482"},"modified":"2023-09-14T23:36:37","modified_gmt":"2023-09-14T23:36:37","slug":"politique-de-confidentialite","status":"publish","type":"page","link":"https:\/\/gamiusgroup.com\/en\/politique-de-confidentialite\/","title":{"rendered":"Privacy Policy"},"content":{"rendered":"<div data-elementor-type=\"wp-page\" data-elementor-id=\"8482\" class=\"elementor elementor-8482\">\n\t\t\t\t\t\t\t<div class=\"elementor-element elementor-element-6a526af e-con-full e-flex e-con e-parent\" data-id=\"6a526af\" data-element_type=\"container\" data-settings=\"{&quot;content_width&quot;:&quot;full&quot;}\" data-core-v316-plus=\"true\">\n\t\t\t\t<div class=\"elementor-element elementor-element-74a11c6 elementor-widget elementor-widget-text-editor\" data-id=\"74a11c6\" data-element_type=\"widget\" data-widget_type=\"text-editor.default\">\n\t\t\t\t<div class=\"elementor-widget-container\">\n\t\t\t<style>\/*! elementor - v3.16.0 - 17-10-2023 *\/\n.elementor-widget-text-editor.elementor-drop-cap-view-stacked .elementor-drop-cap{background-color:#69727d;color:#fff}.elementor-widget-text-editor.elementor-drop-cap-view-framed .elementor-drop-cap{color:#69727d;border:3px solid;background-color:transparent}.elementor-widget-text-editor:not(.elementor-drop-cap-view-default) .elementor-drop-cap{margin-top:8px}.elementor-widget-text-editor:not(.elementor-drop-cap-view-default) .elementor-drop-cap-letter{width:1em;height:1em}.elementor-widget-text-editor .elementor-drop-cap{float:left;text-align:center;line-height:1;font-size:50px}.elementor-widget-text-editor .elementor-drop-cap-letter{display:inline-block}<\/style>\t\t\t\t<h1>Privacy Policy<\/h1>\t\t\t\t\t\t<\/div>\n\t\t\t\t<\/div>\n\t\t\t\t<\/div>\n\t\t<div class=\"elementor-element elementor-element-9c00472 e-flex e-con-boxed e-con e-parent\" data-id=\"9c00472\" data-element_type=\"container\" data-settings=\"{&quot;content_width&quot;:&quot;boxed&quot;}\" data-core-v316-plus=\"true\">\n\t\t\t\t\t<div class=\"e-con-inner\">\n\t\t\t\t<div class=\"elementor-element elementor-element-617dcf3 elementor-widget elementor-widget-text-editor\" data-id=\"617dcf3\" data-element_type=\"widget\" data-widget_type=\"text-editor.default\">\n\t\t\t\t<div class=\"elementor-widget-container\">\n\t\t\t\t\t\t\t<h2>Introduction<\/h2><p>Chez GAMIUS GROUP, nous nous engageons \u00e0 prot\u00e9ger la vie priv\u00e9e de nos utilisateurs. Cette Politique de Confidentialit\u00e9 explique comment nous collectons, utilisons, divulguons et prot\u00e9geons vos informations personnelles lorsque vous utilisez notre site web et nos services.<\/p><h2>Collecte des Informations<\/h2><p>Nous collectons des informations lorsque vous vous inscrivez sur notre site, lorsque vous vous connectez \u00e0 votre compte, lorsque vous effectuez un achat, et\/ou lorsque vous vous d\u00e9connectez. Les informations collect\u00e9es incluent votre nom, votre adresse e-mail, votre num\u00e9ro de t\u00e9l\u00e9phone, et\/ou votre carte de cr\u00e9dit.<\/p><h2>Utilisation des Informations<\/h2><p>Toutes les informations que nous collectons aupr\u00e8s de vous peuvent \u00eatre utilis\u00e9es pour :<\/p><ul><li>Personnaliser votre exp\u00e9rience et r\u00e9pondre \u00e0 vos besoins individuels<\/li><li>Fournir un contenu publicitaire personnalis\u00e9<\/li><li>Am\u00e9liorer notre site web<\/li><li>Am\u00e9liorer le service client et vos besoins de prise en charge<\/li><li>Vous contacter par e-mail<\/li><\/ul><h2>Confidentialit\u00e9 du Commerce en Ligne<\/h2><p>Nous sommes les seuls propri\u00e9taires des informations recueillies sur ce site. Vos informations personnelles ne seront pas vendues, \u00e9chang\u00e9es, transf\u00e9r\u00e9es ou donn\u00e9es \u00e0 une autre soci\u00e9t\u00e9 pour n&rsquo;importe quelle raison, sans votre consentement, en dehors de ce qui est n\u00e9cessaire pour r\u00e9pondre \u00e0 une demande et\/ou une transaction, comme par exemple pour exp\u00e9dier une commande.<\/p><h2>Divulgation \u00e0 des Tiers<\/h2><p>Nous ne vendons, n&rsquo;\u00e9changeons et ne transf\u00e9rons pas vos informations personnelles identifiables \u00e0 des tiers. Cela ne comprend pas les partenaires de confiance qui nous aident \u00e0 exploiter notre site web ou \u00e0 mener nos affaires, tant que ces parties conviennent de garder ces informations confidentielles.<\/p><h2>Protection des Informations<\/h2><p>Nous mettons en \u0153uvre une vari\u00e9t\u00e9 de mesures de s\u00e9curit\u00e9 pour pr\u00e9server la s\u00e9curit\u00e9 de vos informations personnelles. Nous utilisons un cryptage \u00e0 la pointe de la technologie pour prot\u00e9ger les informations sensibles transmises en ligne.<\/p><h2>Consentement<\/h2><p>En utilisant notre site, vous consentez \u00e0 notre Politique de Confidentialit\u00e9.<\/p><h2>Modifications de cette Politique de Confidentialit\u00e9<\/h2><p>GAMIUS GROUP se r\u00e9serve le droit de modifier cette Politique de Confidentialit\u00e9 \u00e0 tout moment. Nous vous recommandons de consulter r\u00e9guli\u00e8rement cette page pour prendre connaissance des \u00e9ventuelles modifications.<\/p>\t\t\t\t\t\t<\/div>\n\t\t\t\t<\/div>\n\t\t\t\t\t<\/div>\n\t\t\t\t<\/div>\n\t\t\t\t\t\t\t<\/div>","protected":false},"excerpt":{"rendered":"<p>Politique de Confidentialit\u00e9 Introduction Chez GAMIUS GROUP, nous nous engageons \u00e0 prot\u00e9ger la vie priv\u00e9e de nos utilisateurs. Cette Politique de Confidentialit\u00e9 explique comment nous collectons, utilisons, divulguons et prot\u00e9geons vos informations personnelles lorsque vous utilisez notre site web et nos services. Collecte des Informations Nous collectons des informations lorsque vous vous inscrivez sur notre [&hellip;]<\/p>","protected":false},"author":1,"featured_media":0,"parent":0,"menu_order":0,"comment_status":"closed","ping_status":"closed","template":"","meta":{"om_disable_all_campaigns":false,"_mi_skip_tracking":false,"_monsterinsights_sitenote_active":false,"_monsterinsights_sitenote_note":"","_monsterinsights_sitenote_category":0,"footnotes":""},"aioseo_notices":[],"_links":{"self":[{"href":"https:\/\/gamiusgroup.com\/en\/wp-json\/wp\/v2\/pages\/8482"}],"collection":[{"href":"https:\/\/gamiusgroup.com\/en\/wp-json\/wp\/v2\/pages"}],"about":[{"href":"https:\/\/gamiusgroup.com\/en\/wp-json\/wp\/v2\/types\/page"}],"author":[{"embeddable":true,"href":"https:\/\/gamiusgroup.com\/en\/wp-json\/wp\/v2\/users\/1"}],"replies":[{"embeddable":true,"href":"https:\/\/gamiusgroup.com\/en\/wp-json\/wp\/v2\/comments?post=8482"}],"version-history":[{"count":7,"href":"https:\/\/gamiusgroup.com\/en\/wp-json\/wp\/v2\/pages\/8482\/revisions"}],"predecessor-version":[{"id":8489,"href":"https:\/\/gamiusgroup.com\/en\/wp-json\/wp\/v2\/pages\/8482\/revisions\/8489"}],"wp:attachment":[{"href":"https:\/\/gamiusgroup.com\/en\/wp-json\/wp\/v2\/media?parent=8482"}],"curies":[{"name":"wp","href":"https:\/\/api.w.org\/{rel}","templated":true}]}}