{"id":8429,"date":"2023-09-12T13:48:57","date_gmt":"2023-09-12T13:48:57","guid":{"rendered":"https:\/\/gamiusgroup.com\/?page_id=8429"},"modified":"2023-09-15T01:17:12","modified_gmt":"2023-09-15T01:17:12","slug":"demande-de-devis","status":"publish","type":"page","link":"https:\/\/gamiusgroup.com\/en\/demande-de-devis\/","title":{"rendered":"Demande de Devis"},"content":{"rendered":"<div data-elementor-type=\"wp-page\" data-elementor-id=\"8429\" class=\"elementor elementor-8429\">\n\t\t\t\t\t\t\t<div class=\"elementor-element elementor-element-1abddf0 e-flex e-con-boxed e-con e-parent\" data-id=\"1abddf0\" data-element_type=\"container\" data-settings=\"{&quot;content_width&quot;:&quot;boxed&quot;}\" data-core-v316-plus=\"true\">\n\t\t\t\t\t<div class=\"e-con-inner\">\n\t\t\t\t<div class=\"elementor-element elementor-element-359e877 elementor-widget elementor-widget-text-editor\" data-id=\"359e877\" data-element_type=\"widget\" data-widget_type=\"text-editor.default\">\n\t\t\t\t<div class=\"elementor-widget-container\">\n\t\t\t<style>\/*! elementor - v3.16.0 - 17-10-2023 *\/\n.elementor-widget-text-editor.elementor-drop-cap-view-stacked .elementor-drop-cap{background-color:#69727d;color:#fff}.elementor-widget-text-editor.elementor-drop-cap-view-framed .elementor-drop-cap{color:#69727d;border:3px solid;background-color:transparent}.elementor-widget-text-editor:not(.elementor-drop-cap-view-default) .elementor-drop-cap{margin-top:8px}.elementor-widget-text-editor:not(.elementor-drop-cap-view-default) .elementor-drop-cap-letter{width:1em;height:1em}.elementor-widget-text-editor .elementor-drop-cap{float:left;text-align:center;line-height:1;font-size:50px}.elementor-widget-text-editor .elementor-drop-cap-letter{display:inline-block}<\/style>\t\t\t\t<h4><strong>Why Request a Quote?<\/strong><\/h4><p>You have a project in mind and want to know how GAMIUS GROUP can help bring it to life? Fill out our quote request form to receive a customized estimate.<\/p>\t\t\t\t\t\t<\/div>\n\t\t\t\t<\/div>\n\t\t\t\t<div class=\"elementor-element elementor-element-526ce49 elementor-widget elementor-widget-text-editor\" data-id=\"526ce49\" data-element_type=\"widget\" data-widget_type=\"text-editor.default\">\n\t\t\t\t<div class=\"elementor-widget-container\">\n\t\t\t\t\t\t\t<h4><strong>How Does It Work?<\/strong><\/h4>\t\t\t\t\t\t<\/div>\n\t\t\t\t<\/div>\n\t\t\t\t<div class=\"elementor-element elementor-element-4d93cc0 elementor-widget elementor-widget-ld_process_box\" data-id=\"4d93cc0\" data-element_type=\"widget\" data-widget_type=\"ld_process_box.default\">\n\t\t\t\t<div class=\"elementor-widget-container\">\n\t\t\t\n\t\t<div class=\"lqd-pb-container lqd-pb-nums lqd-pb-icon-between\">\n\t\t\t<div class=\"lqd-pb-row row\">\n\t\t\t\n\t\t\t\t\t\t\t\t\t<div class=\"lqd-pb-column col-md-4 elementor-repeater-item-96f0799\">\n\t\t\t\t\t\t\t<div class=\"lqd-pb lqd-pb-style-1 lqd-pb-shaped lqd-pb-circle text-center\">\n\t\t\t\t\t\t\t\t<div class=\"lqd-pb-in-container lqd-pb-num-container pos-rel font-weight-bold mb-5\">\n\t\t\t\t\t\t\t\t\t<div class=\"lqd-pb-in lqd-pb-num lqd-pb-active-shape d-flex border-radius-circle mx-auto pos-rel z-index-1\">\n\t\t\t\t\t\t\t\t\t\t<div class=\"lqd-pb-shape-border lqd-overlay z-index-0\">\n\t\t\t\t\t\t\t\t\t\t\t<svg class=\"lqd-overlay\" xmlns=\"http:\/\/www.w3.org\/2000\/svg\" width=\"127\" height=\"126\" viewbox=\"0 0 127 126\">\n\t\t\t\t\t\t\t\t\t\t\t\t<path fill=\"none\" stroke-dasharray=\"0 9.9\" stroke-linecap=\"round\" stroke-width=\"2.2\" d=\"M61.5,123 C95.4655121,123 123,95.4655121 123,61.5 C123,27.5344879 95.4655121,0 61.5,0 C27.5344879,0 0,27.5344879 0,61.5 C0,95.4655121 27.5344879,123 61.5,123 Z\" transform=\"translate(2 1)\"\/>\n\t\t\t\t\t\t\t\t\t\t\t<\/svg>\n\t\t\t\t\t\t\t\t\t\t<\/div>\n\t\t\t\t\t\t\t\t\t<\/div>\n\t\t\t\t\t\t\t\t<\/div>\n\t\t\t\t\t\t\t\t<div class=\"lqd-pb-content\">\n\t\t\t\t\t\t\t\t\t<h3 class=\"font-weight-medium mt-0 mb-2 h5\">Select the Service: <\/h3>\n\t\t\t\t\t\t\t\t\t<p>Choose the service that interests you, whether it is the development of esports platforms, the creation of gaming websites, or event organization.<\/p>\n\t\t\t\t\t\t\t\t<\/div>\n\t\t\t\t\t\t\t<\/div>\n\t\t\t\t\t\t\t\t\t\t\t\t\t\t\t<div class=\"lqd-pb-icon-arrow\">\n\t\t\t\t\t\t\t\t\t<svg xmlns=\"http:\/\/www.w3.org\/2000\/svg\" width=\"12\" height=\"32\" viewbox=\"0 0 12 32\" style=\"width: 1em; height: 1em;\"><path fill=\"currentColor\" d=\"M8.375 16L.437 8.062C-.125 7.5-.125 6.5.438 5.938s1.563-.563 2.126 0l9 9c.562.562.624 1.5.062 2.062l-9.063 9.063c-.312.312-.687.437-1.062.437s-.75-.125-1.063-.438c-.562-.562-.562-1.562 0-2.125z\"><\/path><\/svg>\n\t\t\t\t\t\t\t\t<\/div>\n\t\t\t\t\t\t\t\t\t\t\t\t\t<\/div>\n\t\t\t\t\t\t\t\t\t\t\t\t<div class=\"lqd-pb-column col-md-4 elementor-repeater-item-587c830\">\n\t\t\t\t\t\t\t<div class=\"lqd-pb lqd-pb-style-1 lqd-pb-shaped lqd-pb-circle text-center\">\n\t\t\t\t\t\t\t\t<div class=\"lqd-pb-in-container lqd-pb-num-container pos-rel font-weight-bold mb-5\">\n\t\t\t\t\t\t\t\t\t<div class=\"lqd-pb-in lqd-pb-num lqd-pb-active-shape d-flex border-radius-circle mx-auto pos-rel z-index-1\">\n\t\t\t\t\t\t\t\t\t\t<div class=\"lqd-pb-shape-border lqd-overlay z-index-0\">\n\t\t\t\t\t\t\t\t\t\t\t<svg class=\"lqd-overlay\" xmlns=\"http:\/\/www.w3.org\/2000\/svg\" width=\"127\" height=\"126\" viewbox=\"0 0 127 126\">\n\t\t\t\t\t\t\t\t\t\t\t\t<path fill=\"none\" stroke-dasharray=\"0 9.9\" stroke-linecap=\"round\" stroke-width=\"2.2\" d=\"M61.5,123 C95.4655121,123 123,95.4655121 123,61.5 C123,27.5344879 95.4655121,0 61.5,0 C27.5344879,0 0,27.5344879 0,61.5 C0,95.4655121 27.5344879,123 61.5,123 Z\" transform=\"translate(2 1)\"\/>\n\t\t\t\t\t\t\t\t\t\t\t<\/svg>\n\t\t\t\t\t\t\t\t\t\t<\/div>\n\t\t\t\t\t\t\t\t\t<\/div>\n\t\t\t\t\t\t\t\t<\/div>\n\t\t\t\t\t\t\t\t<div class=\"lqd-pb-content\">\n\t\t\t\t\t\t\t\t\t<h3 class=\"font-weight-medium mt-0 mb-2 h5\">Provide the Details<\/h3>\n\t\t\t\t\t\t\t\t\t<p>The more information you provide, the more accurate our quote will be.\n<\/p>\n\t\t\t\t\t\t\t\t<\/div>\n\t\t\t\t\t\t\t<\/div>\n\t\t\t\t\t\t\t\t\t\t\t\t\t\t\t<div class=\"lqd-pb-icon-arrow\">\n\t\t\t\t\t\t\t\t\t<svg xmlns=\"http:\/\/www.w3.org\/2000\/svg\" width=\"12\" height=\"32\" viewbox=\"0 0 12 32\" style=\"width: 1em; height: 1em;\"><path fill=\"currentColor\" d=\"M8.375 16L.437 8.062C-.125 7.5-.125 6.5.438 5.938s1.563-.563 2.126 0l9 9c.562.562.624 1.5.062 2.062l-9.063 9.063c-.312.312-.687.437-1.062.437s-.75-.125-1.063-.438c-.562-.562-.562-1.562 0-2.125z\"><\/path><\/svg>\n\t\t\t\t\t\t\t\t<\/div>\n\t\t\t\t\t\t\t\t\t\t\t\t\t<\/div>\n\t\t\t\t\t\t\t\t\t\t\t\t<div class=\"lqd-pb-column col-md-4 elementor-repeater-item-a57338d\">\n\t\t\t\t\t\t\t<div class=\"lqd-pb lqd-pb-style-1 lqd-pb-shaped lqd-pb-circle text-center\">\n\t\t\t\t\t\t\t\t<div class=\"lqd-pb-in-container lqd-pb-num-container pos-rel font-weight-bold mb-5\">\n\t\t\t\t\t\t\t\t\t<div class=\"lqd-pb-in lqd-pb-num lqd-pb-active-shape d-flex border-radius-circle mx-auto pos-rel z-index-1\">\n\t\t\t\t\t\t\t\t\t\t<div class=\"lqd-pb-shape-border lqd-overlay z-index-0\">\n\t\t\t\t\t\t\t\t\t\t\t<svg class=\"lqd-overlay\" xmlns=\"http:\/\/www.w3.org\/2000\/svg\" width=\"127\" height=\"126\" viewbox=\"0 0 127 126\">\n\t\t\t\t\t\t\t\t\t\t\t\t<path fill=\"none\" stroke-dasharray=\"0 9.9\" stroke-linecap=\"round\" stroke-width=\"2.2\" d=\"M61.5,123 C95.4655121,123 123,95.4655121 123,61.5 C123,27.5344879 95.4655121,0 61.5,0 C27.5344879,0 0,27.5344879 0,61.5 C0,95.4655121 27.5344879,123 61.5,123 Z\" transform=\"translate(2 1)\"\/>\n\t\t\t\t\t\t\t\t\t\t\t<\/svg>\n\t\t\t\t\t\t\t\t\t\t<\/div>\n\t\t\t\t\t\t\t\t\t<\/div>\n\t\t\t\t\t\t\t\t<\/div>\n\t\t\t\t\t\t\t\t<div class=\"lqd-pb-content\">\n\t\t\t\t\t\t\t\t\t<h3 class=\"font-weight-medium mt-0 mb-2 h5\">Receive Your Quote<\/h3>\n\t\t\t\t\t\t\t\t\t<p>Once submitted, our team will contact you with a customized quote.<\/p>\n\t\t\t\t\t\t\t\t<\/div>\n\t\t\t\t\t\t\t<\/div>\n\t\t\t\t\t\t\t\t\t\t\t\t\t<\/div>\n\t\t\t\t\t\t\n\t\t\t<\/div>\n\t\t<\/div>\n\n\t\t\t\t<\/div>\n\t\t\t\t<\/div>\n\t\t\t\t<div class=\"elementor-element elementor-element-3a805ce elementor-widget elementor-widget-ld_cf722\" data-id=\"3a805ce\" data-element_type=\"widget\" data-widget_type=\"ld_cf722.default\">\n\t\t\t\t<div class=\"elementor-widget-container\">\n\t\t\t\n\t<div class=\"lqd-contact-form lqd-contact-form-inputs-underlined lqd-contact-form-inputs-border-thick  lqd-contact-form-button-block   lqd-contact-form-button-circle\">\n\t\t\n<div class=\"wpcf7 no-js\" id=\"wpcf7-f8433-o1\" lang=\"en-US\" dir=\"ltr\">\n<div class=\"screen-reader-response\"><p role=\"status\" aria-live=\"polite\" aria-atomic=\"true\"><\/p> <ul><\/ul><\/div>\n<form action=\"\/en\/wp-json\/wp\/v2\/pages\/8429#wpcf7-f8433-o1\" method=\"post\" class=\"wpcf7-form init\" aria-label=\"Contact form\" novalidate=\"novalidate\" data-status=\"init\" data-trp-original-action=\"\/en\/wp-json\/wp\/v2\/pages\/8429#wpcf7-f8433-o1\">\n<div style=\"display: none;\">\n<input type=\"hidden\" name=\"_wpcf7\" value=\"8433\" \/>\n<input type=\"hidden\" name=\"_wpcf7_version\" value=\"5.8.1\" \/>\n<input type=\"hidden\" name=\"_wpcf7_locale\" value=\"en_US\" \/>\n<input type=\"hidden\" name=\"_wpcf7_unit_tag\" value=\"wpcf7-f8433-o1\" \/>\n<input type=\"hidden\" name=\"_wpcf7_container_post\" value=\"0\" \/>\n<input type=\"hidden\" name=\"_wpcf7_posted_data_hash\" value=\"\" \/>\n<\/div>\n<div class=\"row\">\n <!-- Nom -->\n\t<div class=\"col-xs-12 col-sm-6\">\n\t\t<p><span class=\"wpcf7-form-control-wrap\" data-name=\"text-264\"><input size=\"40\" class=\"wpcf7-form-control wpcf7-text wpcf7-validates-as-required\" aria-required=\"true\" aria-invalid=\"false\" placeholder=\"What is your name ?\" value=\"\" type=\"text\" name=\"text-264\" \/><\/span>\n\t\t<\/p>\n\t<\/div>\n \n <!-- Adresse e-mail -->\n\t<div class=\"col-xs-12 col-sm-6\">\n\t\t<p><span class=\"wpcf7-form-control-wrap\" data-name=\"email-439\"><input size=\"40\" class=\"wpcf7-form-control wpcf7-email wpcf7-validates-as-required wpcf7-text wpcf7-validates-as-email\" aria-required=\"true\" aria-invalid=\"false\" placeholder=\"Email address\" value=\"\" type=\"email\" name=\"email-439\" \/><\/span>\n\t\t<\/p>\n\t<\/div>\n \n <!-- S\u00e9lection du service -->\n\t<div class=\"col-xs-12 col-sm-6\">\n\t\t<p><span class=\"wpcf7-form-control-wrap\" data-name=\"select-101\"><select class=\"wpcf7-form-control wpcf7-select\" aria-invalid=\"false\" name=\"select-101\"><option value=\"S\u00e9lectionnez le service qui vous int\u00e9resse\">Select the service that interests you<\/option><option value=\"D\u00e9veloppement Web\">Web Development<\/option><option value=\"Gestion de Tournois eSport\">eSports Tournament Management<\/option><option value=\"Marketing d&#039;Influence\">Influencer Marketing<\/option><option value=\"\u00c9v\u00e9nementiel\">Event Planning<\/option><option value=\"Autre\">Other<\/option><\/select><\/span>\n\t\t<\/p>\n\t<\/div>\n \n <!-- Budget -->\n\t<div class=\"col-xs-12 col-sm-6\">\n\t\t<p><span class=\"wpcf7-form-control-wrap\" data-name=\"text-264\"><input size=\"40\" class=\"wpcf7-form-control wpcf7-text wpcf7-validates-as-required\" aria-required=\"true\" aria-invalid=\"false\" placeholder=\"What is your budget ?\" value=\"\" type=\"text\" name=\"text-264\" \/><\/span>\n\t\t<\/p>\n\t<\/div>\n \n <!-- Date de d\u00e9but du projet -->\n\t<div class=\"col-xs-12 col-sm-6\">\n\t\t<p><span class=\"wpcf7-form-control-wrap\" data-name=\"date-346\"><input class=\"wpcf7-form-control wpcf7-date wpcf7-validates-as-date\" aria-invalid=\"false\" placeholder=\"Estimated project start date (optional)\" value=\"\" type=\"date\" name=\"date-346\" \/><\/span>\n\t\t<\/p>\n\t<\/div>\n \n <!-- Date de fin du projet -->\n\t<div class=\"col-xs-12 col-sm-6\">\n\t\t<p><span class=\"wpcf7-form-control-wrap\" data-name=\"date-347\"><input class=\"wpcf7-form-control wpcf7-date wpcf7-validates-as-date\" aria-invalid=\"false\" placeholder=\"Estimated project end date (optional)\" value=\"\" type=\"date\" name=\"date-347\" \/><\/span>\n\t\t<\/p>\n\t<\/div>\n \n <!-- Description du projet -->\n\t<div class=\"col-xs-12 lqd-form-textarea\">\n\t\t<p><span class=\"wpcf7-form-control-wrap\" data-name=\"textarea-989\"><textarea cols=\"10\" rows=\"6\" class=\"wpcf7-form-control wpcf7-textarea wpcf7-validates-as-required\" aria-required=\"true\" aria-invalid=\"false\" placeholder=\"A brief description of your project\/request\/consultation.\" name=\"textarea-989\"><\/textarea><\/span>\n\t\t<\/p>\n\t<\/div>\n \n <!-- Acceptation des termes -->\n\t<div class=\"col-xs-12 text-center\">\n\t\t<p><span class=\"wpcf7-form-control-wrap\" data-name=\"acceptance-872\"><span class=\"wpcf7-form-control wpcf7-acceptance optional\"><span class=\"wpcf7-list-item\"><label><input type=\"checkbox\" name=\"acceptance-872\" value=\"1\" aria-invalid=\"false\" \/><span class=\"wpcf7-list-item-label\">I am bound by the terms of service and accept the Privacy Policy.<\/span><\/label><\/span><\/span><\/span>\n\t\t<\/p>\n\t<\/div>\n \n <!-- Bouton d'envoi -->\n\t<div class=\"col-xs-12 text-center\">\n\t\t<p><input class=\"wpcf7-form-control wpcf7-submit has-spinner\" type=\"submit\" value=\"Submit quote request\" \/>\n\t\t<\/p>\n\t<\/div>\n<\/div><p style=\"display: none !important;\"><label>&#916;<textarea name=\"_wpcf7_ak_hp_textarea\" cols=\"45\" rows=\"8\" maxlength=\"100\"><\/textarea><\/label><input type=\"hidden\" id=\"ak_js_1\" name=\"_wpcf7_ak_js\" value=\"152\"\/><script>document.getElementById( \"ak_js_1\" ).setAttribute( \"value\", ( new Date() ).getTime() );<\/script><\/p><div class=\"wpcf7-response-output\" aria-hidden=\"true\"><\/div>\n<input type=\"hidden\" name=\"trp-form-language\" value=\"en\"\/><\/form>\n<\/div>\n\t<\/div>\n\n\t\t\t<\/div>\n\t\t\t\t<\/div>\n\t\t\t\t<div class=\"elementor-element elementor-element-abd1c81 elementor-widget elementor-widget-text-editor\" data-id=\"abd1c81\" data-element_type=\"widget\" data-widget_type=\"text-editor.default\">\n\t\t\t\t<div class=\"elementor-widget-container\">\n\t\t\t\t\t\t\t<h4><strong>Privacy<\/strong><\/h4><p>Your information is secure and will never be shared with third parties. Please review our <a href=\"https:\/\/gamiusgroup.com\/index.php\/politique-de-confidentialite\/\" target=\"_new\">Privacy Policy<\/a> to learn more.<\/p>\t\t\t\t\t\t<\/div>\n\t\t\t\t<\/div>\n\t\t\t\t\t<\/div>\n\t\t\t\t<\/div>\n\t\t<div class=\"elementor-element elementor-element-eb28f2a e-flex e-con-boxed e-con e-parent\" data-id=\"eb28f2a\" data-element_type=\"container\" data-settings=\"{&quot;content_width&quot;:&quot;boxed&quot;}\" data-core-v316-plus=\"true\">\n\t\t\t\t\t<div class=\"e-con-inner\">\n\t\t\t\t\t<\/div>\n\t\t\t\t<\/div>\n\t\t\t\t\t\t\t<\/div>","protected":false},"excerpt":{"rendered":"<p>Pourquoi Faire une Demande de Devis ? Vous avez un projet en t\u00eate et vous souhaitez savoir comment GAMIUS GROUP peut vous aider \u00e0 le r\u00e9aliser ? Remplissez notre formulaire de demande de devis pour obtenir une estimation personnalis\u00e9e. Comment \u00c7a Marche ? S\u00e9lectionnez le Service: Choisissez le service qui vous int\u00e9resse, que ce soit [&hellip;]<\/p>","protected":false},"author":1,"featured_media":0,"parent":0,"menu_order":0,"comment_status":"closed","ping_status":"closed","template":"","meta":{"om_disable_all_campaigns":false,"_mi_skip_tracking":false,"_monsterinsights_sitenote_active":false,"_monsterinsights_sitenote_note":"","_monsterinsights_sitenote_category":0,"footnotes":""},"aioseo_notices":[],"_links":{"self":[{"href":"https:\/\/gamiusgroup.com\/en\/wp-json\/wp\/v2\/pages\/8429"}],"collection":[{"href":"https:\/\/gamiusgroup.com\/en\/wp-json\/wp\/v2\/pages"}],"about":[{"href":"https:\/\/gamiusgroup.com\/en\/wp-json\/wp\/v2\/types\/page"}],"author":[{"embeddable":true,"href":"https:\/\/gamiusgroup.com\/en\/wp-json\/wp\/v2\/users\/1"}],"replies":[{"embeddable":true,"href":"https:\/\/gamiusgroup.com\/en\/wp-json\/wp\/v2\/comments?post=8429"}],"version-history":[{"count":15,"href":"https:\/\/gamiusgroup.com\/en\/wp-json\/wp\/v2\/pages\/8429\/revisions"}],"predecessor-version":[{"id":8636,"href":"https:\/\/gamiusgroup.com\/en\/wp-json\/wp\/v2\/pages\/8429\/revisions\/8636"}],"wp:attachment":[{"href":"https:\/\/gamiusgroup.com\/en\/wp-json\/wp\/v2\/media?parent=8429"}],"curies":[{"name":"wp","href":"https:\/\/api.w.org\/{rel}","templated":true}]}}